{"id":1208,"date":"2018-04-17T21:41:39","date_gmt":"2018-04-17T21:41:39","guid":{"rendered":"http:\/\/www.kanesatake.ca\/wp\/incapacite\/"},"modified":"2018-04-22T22:59:24","modified_gmt":"2018-04-22T22:59:24","slug":"incapacite","status":"publish","type":"page","link":"https:\/\/www.kanesatake.ca\/wp\/terres-et-successions\/incapacite\/?lang=fr","title":{"rendered":"Incapacit\u00e9"},"content":{"rendered":"<p>[et_pb_section bb_built=&#8221;1&#8243;][et_pb_row][et_pb_column type=&#8221;4_4&#8243;][et_pb_blurb _builder_version=&#8221;3.0.64&#8243; use_icon=&#8221;off&#8221; url_new_window=&#8221;off&#8221; title=&#8221;MANDAT EN CAS D&#8217;INCAPACIT\u00c9&#8221; use_circle=&#8221;off&#8221; use_circle_border=&#8221;off&#8221; icon_placement=&#8221;top&#8221; use_icon_font_size=&#8221;off&#8221; background_layout=&#8221;light&#8221; border_color=&#8221;#000000&#8243; border_style=&#8221;solid&#8221; animation=&#8221;top&#8221;]<\/p>\n<p>Le Code Civil du Qu\u00e9bec permet \u00e0 tout adulte sain d&#8217;esprit de pr\u00e9parer un mandat de protection. Dans ce mandat, vous pouvez d\u00e9crire comment vous voulez \u00eatre suivi et la gestion de votre propri\u00e9t\u00e9 si un jour vous deveniez incapable de le faire vous-m\u00eame.<\/p>\n<p>[\/et_pb_blurb][et_pb_divider _builder_version=&#8221;3.0.64&#8243; divider_style=&#8221;solid&#8221; divider_position=&#8221;top&#8221; hide_on_mobile=&#8221;on&#8221; \/][\/et_pb_column][\/et_pb_row][et_pb_row][et_pb_column type=&#8221;4_4&#8243;][et_pb_blurb _builder_version=&#8221;3.0.64&#8243; use_icon=&#8221;off&#8221; url=&#8221;https:\/\/www.aadnc-aandc.gc.ca\/fra\/1100100021821\/1100100021822&#8243; url_new_window=&#8221;off&#8221; title=&#8221;SUCCESSIONS D&#8217;UN INDIVIDU MENTALEMENT INCOMP\u00c9TENT&#8221; use_circle=&#8221;off&#8221; use_circle_border=&#8221;off&#8221; icon_placement=&#8221;top&#8221; use_icon_font_size=&#8221;off&#8221; background_layout=&#8221;light&#8221; border_color=&#8221;#000000&#8243; border_style=&#8221;solid&#8221; animation=&#8221;top&#8221;]<\/p>\n<p>Lorsqu&#8217;un Indien enregistr\u00e9 dont la r\u00e9sidence principale est sur la r\u00e9serve, et est jug\u00e9 incapable sous la l\u00e9gislation provinciale de s&#8217;occuper de ses affaires financi\u00e8res, AANDC peut g\u00e9rer la succession de cet individu ou peut appointer quelqu&#8217;un pour la g\u00e9rer.<\/p>\n<p><a href=\"https:\/\/www.aadnc-aandc.gc.ca\/eng\/1100100021821\/1100100021822\">https:\/\/www.aadnc-aandc.gc.ca\/eng\/1100100021821\/1100100021822<\/a><\/p>\n<p><a href=\"http:\/\/laws-lois.justice.gc.ca\/fra\/acts\/i-5\/page-7.html#h-24\">http:\/\/laws-lois.justice.gc.ca\/fra\/acts\/i-5\/page-7.html#h-24<\/a><\/p>\n<p>[\/et_pb_blurb][\/et_pb_column][\/et_pb_row][\/et_pb_section]<\/p>\n","protected":false},"excerpt":{"rendered":"<p><div class=\"et_pb_row et_pb_row_0 et_pb_row_empty\">\n\t\t\t\t\n\t\t\t\t\n\t\t\t\t\n\t\t\t\t\n\t\t\t\t\n\t\t\t<\/div> Le Code Civil du Qu\u00e9bec permet \u00e0 tout adulte sain d&#8217;esprit de pr\u00e9parer un mandat de protection. Dans ce mandat, vous pouvez d\u00e9crire comment vous voulez \u00eatre suivi et la gestion de votre propri\u00e9t\u00e9 si un jour vous deveniez incapable de le faire vous-m\u00eame. <div class=\"et_pb_row et_pb_row_1 et_pb_row_empty\">\n\t\t\t\t\n\t\t\t\t\n\t\t\t\t\n\t\t\t\t\n\t\t\t\t\n\t\t\t<\/div> Lorsqu&#8217;un Indien enregistr\u00e9 dont la r\u00e9sidence principale est sur [&hellip;]<\/p>\n","protected":false},"author":1,"featured_media":0,"parent":1318,"menu_order":0,"comment_status":"closed","ping_status":"closed","template":"","meta":{"_acf_changed":false,"_et_pb_use_builder":"on","_et_pb_old_content":"<p>Incapacity files and links go here<\/p>","_et_gb_content_width":"","footnotes":""},"class_list":["post-1208","page","type-page","status-publish","hentry"],"acf":[],"_links":{"self":[{"href":"https:\/\/www.kanesatake.ca\/wp\/wp-json\/wp\/v2\/pages\/1208","targetHints":{"allow":["GET"]}}],"collection":[{"href":"https:\/\/www.kanesatake.ca\/wp\/wp-json\/wp\/v2\/pages"}],"about":[{"href":"https:\/\/www.kanesatake.ca\/wp\/wp-json\/wp\/v2\/types\/page"}],"author":[{"embeddable":true,"href":"https:\/\/www.kanesatake.ca\/wp\/wp-json\/wp\/v2\/users\/1"}],"replies":[{"embeddable":true,"href":"https:\/\/www.kanesatake.ca\/wp\/wp-json\/wp\/v2\/comments?post=1208"}],"version-history":[{"count":11,"href":"https:\/\/www.kanesatake.ca\/wp\/wp-json\/wp\/v2\/pages\/1208\/revisions"}],"predecessor-version":[{"id":1424,"href":"https:\/\/www.kanesatake.ca\/wp\/wp-json\/wp\/v2\/pages\/1208\/revisions\/1424"}],"up":[{"embeddable":true,"href":"https:\/\/www.kanesatake.ca\/wp\/wp-json\/wp\/v2\/pages\/1318"}],"wp:attachment":[{"href":"https:\/\/www.kanesatake.ca\/wp\/wp-json\/wp\/v2\/media?parent=1208"}],"curies":[{"name":"wp","href":"https:\/\/api.w.org\/{rel}","templated":true}]}}